{"id":9913,"date":"2021-01-12T02:22:04","date_gmt":"2021-01-12T02:22:04","guid":{"rendered":"http:\/\/tinccotours.com\/?page_id=9913"},"modified":"2024-12-21T23:32:12","modified_gmt":"2024-12-21T23:32:12","slug":"politica-de-privacidad","status":"publish","type":"page","link":"https:\/\/tinccotours.com\/en\/politica-de-privacidad\/","title":{"rendered":"Pol\u00edtica de Privacidad"},"content":{"rendered":"\n[et_pb_section fb_built=\u00bb1&#8243; _builder_version=\u00bb4.16&#8243; _module_preset=\u00bbdefault\u00bb global_colors_info=\u00bb{}\u00bb][et_pb_row _builder_version=\u00bb4.16&#8243; _module_preset=\u00bbdefault\u00bb global_colors_info=\u00bb{}\u00bb custom_padding=\u00bb9px||0px|||\u00bb][et_pb_column type=\u00bb4_4&#8243; _builder_version=\u00bb4.16&#8243; _module_preset=\u00bbdefault\u00bb global_colors_info=\u00bb{}\u00bb][et_pb_text _builder_version=\u00bb4.26.0&#8243; _module_preset=\u00bbdefault\u00bb text_text_color=\u00bb#ff4300&#8243; text_font_size=\u00bb20px\u00bb header_text_color=\u00bb#ff4300&#8243; hover_enabled=\u00bb0&#8243; text_font_size_tablet=\u00bb\u00bb text_font_size_phone=\u00bb\u00bb text_font_size_last_edited=\u00bbon|phone\u00bb global_colors_info=\u00bb{}\u00bb sticky_enabled=\u00bb0&#8243; custom_padding=\u00bb24px||6px|||\u00bb custom_margin=\u00bb||7px|||\u00bb]<h1><span style=\"font-size: large;\"><strong>POLITICA DE PRIVACIDAD<\/strong><\/span><\/h1>[\/et_pb_text][\/et_pb_column][\/et_pb_row][et_pb_row _builder_version=\u00bb4.16&#8243; _module_preset=\u00bbdefault\u00bb global_colors_info=\u00bb{}\u00bb][et_pb_column type=\u00bb4_4&#8243; _builder_version=\u00bb4.16&#8243; _module_preset=\u00bbdefault\u00bb global_colors_info=\u00bb{}\u00bb][et_pb_text _builder_version=\u00bb4.16&#8243; _module_preset=\u00bbdefault\u00bb global_colors_info=\u00bb{}\u00bb]<h2 class=\"title-description title-seccion\"><span style=\"font-size: small;\"><strong>INTRODUCCI\u00d3N.<\/strong><\/span><\/h2>\n<p style=\"text-align: justify;\">TINCCO TOURS TINGO MARIA E.I.R.L., identificado con R.U.C.N\u00b0 20600460987, con domicilio en la A.V. Villa Pi\u00f1a Mz. F, Lt. 7 &#8211; Jr. Las Almendras 172 &#8211; Tingo Mar\u00eda, distrito de Rupa Rupa, provincia de Leoncio Prado y departamento de Hu\u00e1nuco (en adelante \u201cTINCCO TOURS\u201d), se compromete a proteger la privacidad de sus clientes.<\/p>\n<p style=\"text-align: justify;\">La presente Pol\u00edtica de Privacidad para la protecci\u00f3n de datos personales en el \u00e1mbito del portal web y de aplicaciones m\u00f3viles, describe el tratamiento que nuestra empresa brinda a los datos personales que recopila de los usuarios de nuestro portal web y aplicaciones m\u00f3viles. Dicha pol\u00edtica se ajusta a las disposiciones contenidas en la Ley de Protecci\u00f3n de Datos Personales, Ley N\u00b0 29733, su Reglamento aprobado por Decreto Supremo N\u00b0 003-2013-JUS, normas modificatorias, complementarias y conexas. Recomendamos mantenerse informado acerca de la Pol\u00edtica de Privacidad vigente cada vez que hace uso de este portal.<\/p>\n<p style=\"text-align: justify;\">Finalmente, si usted no se encuentra de acuerdo con alguno de los t\u00e9rminos de esta Pol\u00edtica de Privacidad, por favor no utilice la p\u00e1gina ni proporcione ning\u00fan tipo de informaci\u00f3n personal.<\/p>\n<p style=\"text-align: justify;\">Este sitio web es propiedad y est\u00e1 operado por Tincco Tours Tingo Mar\u00eda, est\u00e1 registrado en Per\u00fa y se conoce como \u00abTincco Tours\u00bb, \u00abnosotros\u00bb en esta pol\u00edtica.<br \/> Al utilizar nuestros sitios web, usted acepta los t\u00e9rminos de estas Pol\u00edticas de privacidad.<\/p>\n<h2 class=\"title-description title-seccion\" style=\"text-align: justify;\"><span style=\"font-size: small;\"><strong>CUMPLIMIENTO DE LOS PRINCIPIOS.<\/strong><\/span><\/h2>\n<p style=\"text-align: justify;\">TINCCO TOURS pone en conocimiento que ha adoptado los niveles de seguridad apropiados para el resguardo de la informaci\u00f3n, respetando las medidas aplicables a cada categor\u00eda y tipo de tratamiento de Bancos de Datos personales. Asimismo, declara que respeta los principios de legalidad, consentimiento, finalidad, proporcionalidad, calidad, seguridad, disposici\u00f3n de recurso, y nivel de protecci\u00f3n adecuada, conforme lo establece el \u201cT\u00edtulo I\u201d de la Ley N\u00b0 29733, Ley de Protecci\u00f3n de Datos Personales vigente en el Per\u00fa, su reglamento, normas modificatorias, complementarias y conexas.<\/p>\n<p style=\"text-align: justify;\">La pol\u00edtica de privacidad de este sitio web describe c\u00f3mo Tincco Tours Tingo Maria E.I.R.L. protege y hace uso de la informaci\u00f3n que le proporciona a la empresa cuando utiliza este sitio web. Si se le solicita que brinde informaci\u00f3n al usar este sitio web, solo se usar\u00e1 de la manera descrita en esta pol\u00edtica de privacidad.<\/p>\n<p style=\"text-align: justify;\">\u00a0<span style=\"font-size: small;\"><strong>ACTUALIZACI\u00d3N Y\/O MODIFICACI\u00d3N DE LA POL\u00cdTICA DE PRIVACIDAD.<\/strong><\/span><\/p>\n<p style=\"text-align: justify;\">TINCCO TOURS se reserva el derecho de actualizar y\/o modificar su Pol\u00edtica de Privacidad para la Protecci\u00f3n de Datos Personales en el \u00e1mbito del portal web y de aplicaciones m\u00f3viles; as\u00ed como, el aviso a trav\u00e9s del cual la divulga, con el objeto de adaptarla a los cambios que pueda requerir el marco normativo vigente. Es responsabilidad del usuario mantenerse informado de dicha pol\u00edtica, a efectos de lo cual, en cada oportunidad en que haga uso de nuestro portal web o aplicaciones m\u00f3viles, deber\u00e1 consultar nuestra \u201cPol\u00edtica de Privacidad\u201d para la protecci\u00f3n de datos personales en el \u00e1mbito del portal web y de aplicaciones m\u00f3viles.<\/p>\n<p><b>\u00bfQu\u00e9<\/b><strong>\u00a0datos recopilamos?<\/strong><\/p>\n<p>Podemos recopilar la siguiente informaci\u00f3n:<\/p>\n<ul>\n<li>Nombres completos<\/li>\n<li>Informaci\u00f3n de contacto, incluida la direcci\u00f3n de correo electr\u00f3nico.<\/li>\n<li>Informaci\u00f3n demogr\u00e1fica, como c\u00f3digo postal, preferencias e intereses.<\/li>\n<li>Datos de uso del sitio web.<\/li>\n<li>Otra informaci\u00f3n relevante para consultas de clientes.<\/li>\n<li>Otra informaci\u00f3n relativa a ofertas especiales y encuestas.<\/li>\n<\/ul>\n<p><strong style=\"font-size: 14px;\">\u00bfC\u00f3mo usamos sus datos?<\/strong><\/p>\n<p><span style=\"font-size: 14px;\">La recopilaci\u00f3n de estos datos nos ayuda a comprender lo que est\u00e1 buscando de la empresa, lo que nos permite ofrecer productos y servicios mejorados.<\/span><\/p>\n<p>Espec\u00edficamente, podemos usar datos:<\/p>\n<ul>\n<li>Para nuestros propios registros internos.<\/li>\n<li>Para mejorar los productos y servicios que brindamos.<\/li>\n<li>Para contactarlo en respuesta a una consulta espec\u00edfica.<\/li>\n<li>Para personalizar nuestro sitio web para ti.<\/li>\n<li>Para enviarle correos electr\u00f3nicos promocionales sobre productos, servicios, ofertas y otras cosas que creemos que pueden ser relevantes para usted.<\/li>\n<li>Para enviarle correos promocionales o para llamarlo sobre productos, servicios, ofertas y otras cosas que creemos que pueden ser relevantes para usted.<\/li>\n<li>Para contactarlo por correo electr\u00f3nico, tel\u00e9fono o correo por razones de investigaci\u00f3n de mercado.<\/li>\n<\/ul>\n<p><strong>Cookies y como las usamos<\/strong><\/p>\n<p style=\"text-align: justify;\"><strong>\u00bfQu\u00e9 es una cookie?<\/strong><br \/> Una cookie es un peque\u00f1o archivo colocado en el disco duro de su computadora. Permite que nuestro sitio web identifique su computadora mientras ve diferentes p\u00e1ginas en nuestro sitio web. Las cookies permiten que los sitios web y las aplicaciones almacenen sus preferencias para presentar contenido, opciones o funciones que sean espec\u00edficas para usted. Tambi\u00e9n nos permiten ver informaci\u00f3n como cu\u00e1ntas personas usan el sitio web y qu\u00e9 p\u00e1ginas tienden a visitar.<\/p>\n<p><strong>\u00bfC\u00f3mo usamos las cookies?<\/strong><\/p>\n<p>Podemos usar cookies para:<\/p>\n<ul>\n<li style=\"text-align: justify;\"><strong>Analizar nuestro tr\u00e1fico web utilizando un paquete de\u00a0<\/strong><b>an\u00e1lisis. <\/b>Los datos de uso agregados nos ayudan a mejorar la estructura, el dise\u00f1o, el contenido y las funciones del sitio web.<\/li>\n<li><strong>Identificar si usted ha iniciado sesi\u00f3n en nuestro sitio web.\u00a0<\/strong>Una cookie nos permite verificar si ha iniciado sesi\u00f3n en el sitio.<\/li>\n<li style=\"text-align: justify;\"><strong>Probar el contenido en nuestro sitio web.\u00a0<\/strong>Por ejemplo, el 50% de nuestros usuarios pueden ver una parte del contenido, el otro 50% una parte diferente del contenido.<\/li>\n<li><strong>Almacenar informaci\u00f3n sobre sus preferencias.\u00a0<\/strong>El sitio web puede presentarle informaci\u00f3n que encontrar\u00e1 m\u00e1s relevante e interesante.<\/li>\n<li><strong>Para reconocer cu\u00e1ndo regresas a nuestro sitio web.\u00a0<\/strong>Podemos mostrar su contenido relevante o proporcionarle la funcionalidad que utiliz\u00f3 anteriormente.<\/li>\n<\/ul>\n<p><strong>IMPORTANTE:<\/strong>\u00a0Las cookies no nos brindan acceso a su computadora ni a ninguna informaci\u00f3n sobre usted, que no sea la que usted elija compartir con nosotros.<\/p>\n<p><strong>Control de cookies<\/strong><\/p>\n<p style=\"text-align: justify;\">Puede utilizar la configuraci\u00f3n de cookies de su navegador web para determinar c\u00f3mo nuestro sitio web utiliza cookies. Si no desea que nuestro sitio web almacene cookies en su computadora o dispositivo, debe configurar su navegador web para que rechace las cookies.<br \/> Sin embargo, tenga en cuenta que esto puede afectar el funcionamiento de nuestro sitio web. Es posible que algunas p\u00e1ginas y servicios no est\u00e9n disponibles para usted.<br \/> A menos que haya cambiado su navegador para rechazar las cookies, nuestro sitio web emitir\u00e1 cookies cuando lo visite.<\/p>\n<p><strong>Gesti\u00f3n de Cookies<\/strong><\/p>\n<p style=\"text-align: justify;\">Asimismo, puedes configurar tu navegador para aceptar o rechazar por defecto todas las cookies o para recibir un aviso en pantalla de la recepci\u00f3n de cada cookie y decidir en ese momento su implantaci\u00f3n o no en tu disco duro. Para ello, te sugerimos la secci\u00f3n de ayuda de tu navegador para saber c\u00f3mo cambiar la configuraci\u00f3n que actualmente emplea. Tambi\u00e9n puedes utilizar la visualizaci\u00f3n de nuestra web a trav\u00e9s de \u201cmodo inc\u00f3gnito\u201d.<\/p>\n<p><strong>Control de informaci\u00f3n acerca de usted<\/strong><\/p>\n<ul>\n<li>Opte por recibir nuestras comunicaciones de marketing por correo electr\u00f3nico, tel\u00e9fono, mensaje de texto o correo postal.<\/li>\n<li>Opte por recibir comunicaciones de marketing de nuestros socios externos por correo electr\u00f3nico, tel\u00e9fono, mensaje de texto o correo postal.<\/li>\n<\/ul>\n<p>Si ha acordado que podemos usar su informaci\u00f3n para fines de marketing, puede cambiar de opini\u00f3n f\u00e1cilmente, a trav\u00e9s de uno de estos m\u00e9todos:<\/p>\n<ul>\n<li>Inicie sesi\u00f3n en nuestro sitio web y cambie su configuraci\u00f3n de suscripci\u00f3n.<\/li>\n<li>Enviar un correo electr\u00f3nico a info@tinccotours.com<\/li>\n<li>Escr\u00edbanos a nuestra oficina: A.V. Villa Pi\u00f1a Mz. F, Lt.7 &#8211; Tingo Mar\u00eda\/ Per\u00fa.<\/li>\n<\/ul>\n<p style=\"text-align: justify;\">TINCCO TOURS no alquilara, distribuir\u00e1 o vendera su informaci\u00f3n personal a terceros a menos que tengamos tu permiso o la ley nos lo exija.<br \/> Cualquier informaci\u00f3n personal que tengamos sobre usted se almacena y procesa seg\u00fan nuestra pol\u00edtica de protecci\u00f3n de datos, de acuerdo con la Ley de Protecci\u00f3n de Datos.<\/p>\n<p><strong>Seguridad<\/strong><\/p>\n<p style=\"text-align: justify;\">Siempre guardaremos su informaci\u00f3n de forma segura. Para evitar la divulgaci\u00f3n no autorizada o el acceso a su informaci\u00f3n, hemos implementado fuertes garant\u00edas de seguridad f\u00edsica y electr\u00f3nica.<br \/> Tambi\u00e9n seguimos procedimientos estrictos para garantizar que trabajamos con todos los datos personales de acuerdo con la\u00a0<strong>Ley de Protecci\u00f3n de Datos<\/strong>.<\/p>[\/et_pb_text][\/et_pb_column][\/et_pb_row][\/et_pb_section]\n","protected":false},"excerpt":{"rendered":"<p>POLITICA DE PRIVACIDADINTRODUCCI\u00d3N. TINCCO TOURS TINGO MARIA E.I.R.L., identificado con R.U.C.N\u00b0 20600460987, con domicilio en la A.V. Villa Pi\u00f1a Mz. F, Lt. 7 &#8211; Jr. Las Almendras 172 &#8211; Tingo Mar\u00eda, distrito de Rupa Rupa, provincia de Leoncio Prado y departamento de Hu\u00e1nuco (en adelante \u201cTINCCO TOURS\u201d), se compromete a proteger la privacidad de sus [&hellip;]<\/p>\n","protected":false},"author":1,"featured_media":0,"parent":0,"menu_order":0,"comment_status":"closed","ping_status":"closed","template":"","meta":{"_et_pb_use_builder":"on","_et_pb_old_content":"","_et_gb_content_width":"","_monsterinsights_skip_tracking":false,"_monsterinsights_sitenote_active":false,"_monsterinsights_sitenote_note":"","_monsterinsights_sitenote_category":0,"_joinchat":[],"footnotes":""},"class_list":["post-9913","page","type-page","status-publish","hentry"],"_links":{"self":[{"href":"https:\/\/tinccotours.com\/en\/wp-json\/wp\/v2\/pages\/9913","targetHints":{"allow":["GET"]}}],"collection":[{"href":"https:\/\/tinccotours.com\/en\/wp-json\/wp\/v2\/pages"}],"about":[{"href":"https:\/\/tinccotours.com\/en\/wp-json\/wp\/v2\/types\/page"}],"author":[{"embeddable":true,"href":"https:\/\/tinccotours.com\/en\/wp-json\/wp\/v2\/users\/1"}],"replies":[{"embeddable":true,"href":"https:\/\/tinccotours.com\/en\/wp-json\/wp\/v2\/comments?post=9913"}],"version-history":[{"count":3,"href":"https:\/\/tinccotours.com\/en\/wp-json\/wp\/v2\/pages\/9913\/revisions"}],"predecessor-version":[{"id":16097,"href":"https:\/\/tinccotours.com\/en\/wp-json\/wp\/v2\/pages\/9913\/revisions\/16097"}],"wp:attachment":[{"href":"https:\/\/tinccotours.com\/en\/wp-json\/wp\/v2\/media?parent=9913"}],"curies":[{"name":"wp","href":"https:\/\/api.w.org\/{rel}","templated":true}]}}