{"id":9903,"date":"2021-01-12T02:17:13","date_gmt":"2021-01-12T02:17:13","guid":{"rendered":"http:\/\/tinccotours.com\/?page_id=9903"},"modified":"2024-12-09T01:32:41","modified_gmt":"2024-12-09T01:32:41","slug":"codigo-de-conducta-esnna","status":"publish","type":"page","link":"https:\/\/tinccotours.com\/en\/codigo-de-conducta-esnna\/","title":{"rendered":"C\u00f3digo de Conducta ESNNA"},"content":{"rendered":"\n[et_pb_section fb_built=\u00bb1&#8243; _builder_version=\u00bb4.6.6&#8243; _module_preset=\u00bbdefault\u00bb custom_padding=\u00bb45px||29px|||\u00bb][et_pb_row use_custom_gutter=\u00bbon\u00bb make_equal=\u00bbon\u00bb _builder_version=\u00bb4.6.6&#8243; _module_preset=\u00bbdefault\u00bb background_image=\u00bbhttp:\/\/tinccotours.com\/wp-content\/uploads\/2020\/10\/Atardecer-Laguna-de-los-Milagros-FULL-DAY.jpg\u00bb width=\u00bb100%\u00bb custom_margin=\u00bb-43px|auto||auto||\u00bb][et_pb_column type=\u00bb4_4&#8243; _builder_version=\u00bb4.6.6&#8243; _module_preset=\u00bbdefault\u00bb custom_padding=\u00bb230px|4px||12px|false|false\u00bb][et_pb_post_title meta=\u00bboff\u00bb featured_image=\u00bboff\u00bb _builder_version=\u00bb4.9.7&#8243; _module_preset=\u00bbdefault\u00bb background_color=\u00bb#ffffff\u00bb custom_margin=\u00bb115px||0px||false|false\u00bb custom_margin_tablet=\u00bb\u00bb custom_margin_phone=\u00bb\u00bb custom_margin_last_edited=\u00bbon|desktop\u00bb custom_padding=\u00bb6px||||false|false\u00bb custom_padding_tablet=\u00bb\u00bb custom_padding_phone=\u00bb\u00bb custom_padding_last_edited=\u00bbon|desktop\u00bb meta_font_size_tablet=\u00bb\u00bb meta_font_size_phone=\u00bb\u00bb meta_font_size_last_edited=\u00bbon|desktop\u00bb][\/et_pb_post_title][\/et_pb_column][\/et_pb_row][et_pb_row _builder_version=\u00bb4.6.6&#8243; _module_preset=\u00bbdefault\u00bb custom_padding=\u00bb||11px|||\u00bb][et_pb_column type=\u00bb4_4&#8243; _builder_version=\u00bb4.6.6&#8243; _module_preset=\u00bbdefault\u00bb][et_pb_text _builder_version=\u00bb4.6.6&#8243; _module_preset=\u00bbdefault\u00bb]<h3><span style=\"color: #ff4300;\"><strong>POL\u00cdTICA DE PREVENCI\u00d3N ESNNA<\/strong><\/span><\/h3>\n<h4><span style=\"color: #ff4300;\"><strong>Pol\u00edtica de Prevenci\u00f3n de la Explotaci\u00f3n Sexual de los Ni\u00f1os y Ni\u00f1as y Adolescentes \u2013 ESNNA<\/strong><\/span><\/h4>\n<p><strong><\/strong><\/p>\n<p><span>Es inadmisible tolerar que el desarrollo del turismo pueda ser utilizado como instrumento para promover la explotaci\u00f3n sexual de los ni\u00f1os, ni\u00f1as y adolescentes.<\/span><br \/><span>El turismo responsable promueve una ni\u00f1ez y adolescencia sin explotaci\u00f3n sexual, por lo tanto nosotros no aceptamos cualquier acto que favorezca la explotaci\u00f3n sexual de los ni\u00f1os, ni\u00f1as y adolescentes.<\/span><strong><\/strong><\/p>\n<h4><span style=\"color: #ff4300;\"><strong>Nuestra Pol\u00edtica<\/strong><\/span><\/h4>\n<p><strong>TINCCO TOURS TINGO MARIA, en virtud de la<span>\u00a0<\/span><\/strong>Ley N\u00ba 28251; Ley contra el abuso y la explotaci\u00f3n sexual\u201d, que incorpor\u00f3 los delitos de usuario \u2013 cliente y explotaci\u00f3n sexual de ni\u00f1os, ni\u00f1as y adolescentes en el \u00e1mbito del turismo; consideramos los<span>\u00a0<\/span><strong>COMPROMISOS M\u00cdNIMOS QUE DEBEN ASUMIR TODOS LOS PRESTADORES DE SERVICIOS TUR\u00cdSTICOS<\/strong><\/p>\n<p>Con el fin de contrarrestar la explotaci\u00f3n sexual de ni\u00f1os, ni\u00f1as y adolescentes en viajes y turismo, los prestadores de servicios tur\u00edsticos adoptar\u00e1n un C\u00f3digo de Conducta que deber\u00e1n observar sus representantes legales, directores, administradores, empleados y contratistas vinculados a la prestaci\u00f3n de servicios tur\u00edsticos, con el fin de hacer efectivas las obligaciones contempladas la ley 28251, as\u00ed como a prevenir las conductas tipificadas en la misma ley e igualmente que incorpore las siguientes medidas m\u00ednimas de control:<\/p>\n<ol type=\"1\">\n<li>Abstenerse de ofrecer en los programas de promoci\u00f3n tur\u00edstica y en los planes tur\u00edsticos, expresa o subrepticiamente, planes de explotaci\u00f3n sexual de ni\u00f1os, ni\u00f1as y adolescentes.<\/li>\n<li>Abstenerse de dar informaci\u00f3n a los turistas, directamente o por interpuesta persona acerca de lugares desde donde se coordinen o donde practique explotaci\u00f3n sexual comercial de ni\u00f1os, ni\u00f1as y adolescentes.<\/li>\n<li>Abstenerse de conducir a los turistas, directamente o a trav\u00e9s de terceros a establecimientos o lugares donde se practique la explotaci\u00f3n sexual comercial de ni\u00f1os, ni\u00f1as, as\u00ed como conducir a estos a los sitios donde se encuentran hospedados los turistas, incluso si se trata de barcos localizados en Altamar, con fines de explotaci\u00f3n sexual comercial de ni\u00f1os, ni\u00f1as y adolescentes.<\/li>\n<li>Abstenerse de facilitar veh\u00edculos en rutas tur\u00edsticas con fines de explotaci\u00f3n o de abuso sexual con ni\u00f1os, ni\u00f1as y adolescentes.<\/li>\n<li>Impedir el ingreso de ni\u00f1os, ni\u00f1as y adolescentes a los hoteles o lugares de alojamiento y hospedaje, bares, negocios similares y dem\u00e1s establecimientos en los que se presten servicios tur\u00edsticos, con fines de explotaci\u00f3n o de abuso sexual.<\/li>\n<li>Adoptar las medidas tendientes a impedir que el personal vinculado a cualquier t\u00edtulo con la empresa ofrezca servicios tur\u00edsticos que permitan actividad sexual con ni\u00f1os, ni\u00f1as y adolescentes.<\/li>\n<li>Denunciar ante el MINCETUR y dem\u00e1s autoridades competentes, los hechos de que hubiere tenido conocimiento por cualquier medio, as\u00ed como la existencia de lugares, relacionados con explotaci\u00f3n sexual de ni\u00f1os, ni\u00f1as y adolescentes y asegurar que al interior de la empresa existan canales para la denuncia correspondiente ante las autoridades competentes.<\/li>\n<li>Dise\u00f1ar y divulgar al interior de la empresa y con sus proveedores de bienes y servicios, una pol\u00edtica en la que el prestador establezca medidas para prevenir y contrarrestar toda forma de explotaci\u00f3n sexual de ni\u00f1os, ni\u00f1as y adolescentes en viajes y turismo.<\/li>\n<li>Capacitar a todo el personal vinculado a la empresa, frente al tema de prevenci\u00f3n de la explotaci\u00f3n sexual comercial de ni\u00f1os, ni\u00f1as y adolescentes.<\/li>\n<li>Informar a sus usuarios sobre las consecuencias legales en Per\u00fa de la explotaci\u00f3n y el abuso sexual de ni\u00f1os, ni\u00f1as y adolescentes.<\/li>\n<li>Fijar en lugar visible para los empleados del establecimiento o establecimientos de comercio el presente C\u00f3digo de Conducta y los dem\u00e1s compromisos y medidas que el prestador desee asumir con el fin de proteger a los ni\u00f1os y los adolescentes.<\/li>\n<\/ol>\n<p><strong>\u201cEn desarrollo de lo dispuesto a la Ley N\u00ba 28251, la agencia advierte al turista que la explotaci\u00f3n y el abuso sexual de menores de edad en el pa\u00eds son sancionados penal y administrativamente, conforme a las leyes vigentes.\u201d<\/strong><\/p>[\/et_pb_text][\/et_pb_column][\/et_pb_row][et_pb_row _builder_version=\u00bb4.6.6&#8243; _module_preset=\u00bbdefault\u00bb custom_margin=\u00bb-4px|auto||auto||\u00bb][et_pb_column type=\u00bb4_4&#8243; _builder_version=\u00bb4.6.6&#8243; _module_preset=\u00bbdefault\u00bb][et_pb_image src=\u00bbhttp:\/\/tinccotours.com\/wp-content\/uploads\/2021\/01\/Politica-de-proteccion-ESNNA.jpg\u00bb alt=\u00bbPol\u00edtica de Protecci\u00f3n ESNNA\u00bb title_text=\u00bbPolitica de proteccion ESNNA\u00bb url_new_window=\u00bbon\u00bb align=\u00bbcenter\u00bb _builder_version=\u00bb4.9.7&#8243; _module_preset=\u00bbdefault\u00bb custom_margin=\u00bb-24px|||||\u00bb custom_padding=\u00bb0px|||||\u00bb hover_enabled=\u00bb0&#8243; sticky_enabled=\u00bb0&#8243;][\/et_pb_image][\/et_pb_column][\/et_pb_row][\/et_pb_section]\n","protected":false},"excerpt":{"rendered":"<p>POL\u00cdTICA DE PREVENCI\u00d3N ESNNA Pol\u00edtica de Prevenci\u00f3n de la Explotaci\u00f3n Sexual de los Ni\u00f1os y Ni\u00f1as y Adolescentes \u2013 ESNNA Es inadmisible tolerar que el desarrollo del turismo pueda ser utilizado como instrumento para promover la explotaci\u00f3n sexual de los ni\u00f1os, ni\u00f1as y adolescentes.El turismo responsable promueve una ni\u00f1ez y adolescencia sin explotaci\u00f3n sexual, por [&hellip;]<\/p>\n","protected":false},"author":1,"featured_media":0,"parent":0,"menu_order":0,"comment_status":"closed","ping_status":"closed","template":"","meta":{"_et_pb_use_builder":"on","_et_pb_old_content":"","_et_gb_content_width":"","_monsterinsights_skip_tracking":false,"_monsterinsights_sitenote_active":false,"_monsterinsights_sitenote_note":"","_monsterinsights_sitenote_category":0,"_joinchat":[],"footnotes":""},"class_list":["post-9903","page","type-page","status-publish","hentry"],"_links":{"self":[{"href":"https:\/\/tinccotours.com\/en\/wp-json\/wp\/v2\/pages\/9903","targetHints":{"allow":["GET"]}}],"collection":[{"href":"https:\/\/tinccotours.com\/en\/wp-json\/wp\/v2\/pages"}],"about":[{"href":"https:\/\/tinccotours.com\/en\/wp-json\/wp\/v2\/types\/page"}],"author":[{"embeddable":true,"href":"https:\/\/tinccotours.com\/en\/wp-json\/wp\/v2\/users\/1"}],"replies":[{"embeddable":true,"href":"https:\/\/tinccotours.com\/en\/wp-json\/wp\/v2\/comments?post=9903"}],"version-history":[{"count":1,"href":"https:\/\/tinccotours.com\/en\/wp-json\/wp\/v2\/pages\/9903\/revisions"}],"predecessor-version":[{"id":16096,"href":"https:\/\/tinccotours.com\/en\/wp-json\/wp\/v2\/pages\/9903\/revisions\/16096"}],"wp:attachment":[{"href":"https:\/\/tinccotours.com\/en\/wp-json\/wp\/v2\/media?parent=9903"}],"curies":[{"name":"wp","href":"https:\/\/api.w.org\/{rel}","templated":true}]}}