{"id":32,"date":"2017-07-07T00:57:52","date_gmt":"2017-07-07T00:57:52","guid":{"rendered":"http:\/\/tinccotours.com\/?page_id=32"},"modified":"2023-05-27T04:19:03","modified_gmt":"2023-05-27T04:19:03","slug":"galeria-de-fotos-de-tincco-tours-tingo-maria","status":"publish","type":"page","link":"https:\/\/tinccotours.com\/en\/galeria-de-fotos-de-tincco-tours-tingo-maria\/","title":{"rendered":"Galeria"},"content":{"rendered":"<p>[et_pb_section fb_built=\u00bb1&#8243; fullwidth=\u00bbon\u00bb _builder_version=\u00bb3.22&#8243; custom_padding=\u00bb0px|0px|0px|0px\u00bb][et_pb_fullwidth_slider _builder_version=\u00bb4.9.7&#8243; header_font=\u00bbAmatic SC||||\u00bb header_font_size=\u00bb1px\u00bb body_font_size=\u00bb1px\u00bb body_line_height=\u00bb1em\u00bb background_image=\u00bbhttp:\/\/tinccotours.com\/wp-content\/uploads\/2022\/09\/IMG_20220512_171839164_HDR.jpg\u00bb width=\u00bb100%\u00bb width_tablet=\u00bb\u00bb width_phone=\u00bb100%\u00bb width_last_edited=\u00bbon|phone\u00bb module_alignment=\u00bbcenter\u00bb content_width=\u00bb100%\u00bb content_width_tablet=\u00bb\u00bb content_width_phone=\u00bb\u00bb content_width_last_edited=\u00bbon|desktop\u00bb content_max_width_tablet=\u00bb\u00bb content_max_width_phone=\u00bb\u00bb content_max_width_last_edited=\u00bbon|desktop\u00bb min_height=\u00bb470px\u00bb min_height_tablet=\u00bb\u00bb min_height_phone=\u00bb178px\u00bb min_height_last_edited=\u00bbon|desktop\u00bb custom_margin=\u00bb2px||0px||false|false\u00bb custom_margin_tablet=\u00bb\u00bb custom_margin_phone=\u00bb\u00bb custom_margin_last_edited=\u00bbon|desktop\u00bb custom_padding=\u00bb0px||0px||false|false\u00bb custom_padding_tablet=\u00bb|||\u00bb custom_padding_phone=\u00bb|||\u00bb custom_padding_last_edited=\u00bbon|desktop\u00bb show_inner_shadow=\u00bbon\u00bb button_text_size__hover_enabled=\u00bboff\u00bb button_one_text_size__hover_enabled=\u00bboff\u00bb button_two_text_size__hover_enabled=\u00bboff\u00bb button_text_color__hover_enabled=\u00bboff\u00bb button_one_text_color__hover_enabled=\u00bboff\u00bb button_two_text_color__hover_enabled=\u00bboff\u00bb button_border_width__hover_enabled=\u00bboff\u00bb button_one_border_width__hover_enabled=\u00bboff\u00bb button_two_border_width__hover_enabled=\u00bboff\u00bb button_border_color__hover_enabled=\u00bboff\u00bb button_one_border_color__hover_enabled=\u00bboff\u00bb button_two_border_color__hover_enabled=\u00bboff\u00bb button_border_radius__hover_enabled=\u00bboff\u00bb button_one_border_radius__hover_enabled=\u00bboff\u00bb button_two_border_radius__hover_enabled=\u00bboff\u00bb button_letter_spacing__hover_enabled=\u00bboff\u00bb button_one_letter_spacing__hover_enabled=\u00bboff\u00bb button_two_letter_spacing__hover_enabled=\u00bboff\u00bb button_bg_color__hover_enabled=\u00bboff\u00bb button_one_bg_color__hover_enabled=\u00bboff\u00bb button_two_bg_color__hover_enabled=\u00bboff\u00bb][et_pb_slide use_bg_overlay=\u00bboff\u00bb use_text_overlay=\u00bboff\u00bb _builder_version=\u00bb4.9.7&#8243; header_font=\u00bbAmatic SC|on|||\u00bb header_letter_spacing=\u00bb4px\u00bb background_color=\u00bb#ffffff\u00bb background_image=\u00bbhttp:\/\/tinccotours.com\/wp-content\/uploads\/2022\/09\/IMG_20220512_171839164_HDR.jpg\u00bb background_enable_image=\u00bbon\u00bb background_position=\u00bbbottom_center\u00bb custom_button=\u00bbon\u00bb button_text_size=\u00bb50px\u00bb button_border_width=\u00bb0px\u00bb button_border_radius=\u00bb0px\u00bb button_letter_spacing=\u00bb3px\u00bb button_font=\u00bbAmatic SC|on|||\u00bb button_icon=\u00bb%%40%%\u00bb button_text_size_tablet=\u00bb31px\u00bb button_text_size_phone=\u00bb26px\u00bb button_text_size_last_edited=\u00bbon|desktop\u00bb custom_css_main_element=\u00bbheight: 90vh;\u00bb button_border_radius_hover=\u00bb7px\u00bb button_letter_spacing_hover=\u00bb0px\u00bb button_bg_color_hover=\u00bbrgba(0,112,0,0.3)\u00bb button_letter_spacing_hover_tablet=\u00bb2px\u00bb button_letter_spacing_hover_last_edited=\u00bbon|desktop\u00bb button_text_size__hover_enabled=\u00bboff\u00bb button_one_text_size__hover_enabled=\u00bboff\u00bb button_two_text_size__hover_enabled=\u00bboff\u00bb button_text_color__hover_enabled=\u00bboff\u00bb button_one_text_color__hover_enabled=\u00bboff\u00bb button_two_text_color__hover_enabled=\u00bboff\u00bb button_border_width__hover_enabled=\u00bboff\u00bb button_one_border_width__hover_enabled=\u00bboff\u00bb button_two_border_width__hover_enabled=\u00bboff\u00bb button_border_color__hover_enabled=\u00bboff\u00bb button_one_border_color__hover_enabled=\u00bboff\u00bb button_two_border_color__hover_enabled=\u00bboff\u00bb button_border_radius__hover_enabled=\u00bbon\u00bb button_border_radius__hover=\u00bb7px\u00bb button_one_border_radius__hover_enabled=\u00bboff\u00bb button_two_border_radius__hover_enabled=\u00bboff\u00bb button_letter_spacing__hover_enabled=\u00bbon\u00bb button_letter_spacing__hover=\u00bb0px\u00bb button_one_letter_spacing__hover_enabled=\u00bboff\u00bb button_two_letter_spacing__hover_enabled=\u00bboff\u00bb button_bg_color__hover_enabled=\u00bbon\u00bb button_bg_color__hover=\u00bbrgba(0,112,0,0.3)\u00bb button_one_bg_color__hover_enabled=\u00bboff\u00bb button_two_bg_color__hover_enabled=\u00bboff\u00bb sticky_transition=\u00bbon\u00bb][\/et_pb_slide][\/et_pb_fullwidth_slider][\/et_pb_section][et_pb_section fb_built=\u00bb1&#8243; _builder_version=\u00bb3.22&#8243; background_color=\u00bb#ff3f00&#8243; custom_padding=\u00bb17px|0px|12px|0px\u00bb][et_pb_row custom_padding_last_edited=\u00bbon|desktop\u00bb _builder_version=\u00bb4.9.7&#8243; custom_margin=\u00bb-8px||||false|false\u00bb custom_margin_tablet=\u00bb\u00bb custom_margin_phone=\u00bb-5px||||false|false\u00bb custom_margin_last_edited=\u00bbon|phone\u00bb custom_padding=\u00bb0px|0px|0px|0px|false|false\u00bb custom_padding_tablet=\u00bb\u00bb custom_padding_phone=\u00bb\u00bb][et_pb_column type=\u00bb4_4&#8243; _builder_version=\u00bb3.25&#8243; custom_padding=\u00bb|||\u00bb custom_padding__hover=\u00bb|||\u00bb][et_pb_text _builder_version=\u00bb4.9.7&#8243; text_font=\u00bb||||||||\u00bb text_text_color=\u00bb#FFFFFF\u00bb text_font_size=\u00bb12px\u00bb text_line_height=\u00bb1em\u00bb header_font=\u00bbPoiret One||||||||\u00bb header_text_color=\u00bb#FFFFFF\u00bb header_font_size=\u00bb40px\u00bb header_line_height=\u00bb1.2em\u00bb text_orientation=\u00bbcenter\u00bb background_layout=\u00bbdark\u00bb module_alignment=\u00bbcenter\u00bb custom_margin_tablet=\u00bb\u00bb custom_margin_phone=\u00bb||-10px||false|false\u00bb custom_margin_last_edited=\u00bbon|phone\u00bb custom_padding_tablet=\u00bb\u00bb custom_padding_phone=\u00bb||0px||false|false\u00bb custom_padding_last_edited=\u00bbon|phone\u00bb hover_enabled=\u00bb0&#8243; text_font_size_tablet=\u00bb\u00bb text_font_size_phone=\u00bb\u00bb text_font_size_last_edited=\u00bbon|desktop\u00bb text_letter_spacing_tablet=\u00bb\u00bb text_letter_spacing_phone=\u00bb\u00bb text_letter_spacing_last_edited=\u00bbon|phone\u00bb header_font_size_tablet=\u00bb\u00bb header_font_size_phone=\u00bb34px\u00bb header_font_size_last_edited=\u00bbon|desktop\u00bb header_line_height_tablet=\u00bb\u00bb header_line_height_phone=\u00bb\u00bb header_line_height_last_edited=\u00bbon|phone\u00bb background_layout_tablet=\u00bb\u00bb background_layout_phone=\u00bbdark\u00bb background_layout_last_edited=\u00bbon|phone\u00bb sticky_enabled=\u00bb0&#8243;]<\/p>\n<h1 style=\"text-align: center;\"><strong>Galeria de Fotos de Tingo Mar\u00eda<\/strong><\/h1>\n<p><strong>Visita nuestra galer\u00eda de fotos de <span style=\"color: #ffffff;\"><a href=\"https:\/\/es.wikipedia.org\/wiki\/Tingo_Mar%C3%ADa\" style=\"color: #ffffff;\">Tingo Mar\u00eda<\/a><\/span> y de los mejores lugares y&nbsp;<span style=\"color: #ffffff;\"><a href=\"http:\/\/tinccotours.com\/atractivos-turisticos-de-tingo-maria-y-la-selva-del-peru\/\" style=\"color: #ffffff;\">tur\u00edsticos<\/a><\/span> naturales en nuestra pagina web. Ahi podras elegir para realizar tus aventuras en contacto con la naturaleza.<\/strong><\/p>\n<p>[\/et_pb_text][\/et_pb_column][\/et_pb_row][et_pb_row use_custom_gutter=\u00bbon\u00bb gutter_width=\u00bb1&#8243; _builder_version=\u00bb3.25&#8243; width=\u00bb95%\u00bb max_width=\u00bb95%\u00bb module_alignment=\u00bbcenter\u00bb custom_padding=\u00bb27px|0px|0px|0px\u00bb use_custom_width=\u00bbon\u00bb width_unit=\u00bboff\u00bb custom_width_percent=\u00bb95%\u00bb][et_pb_column type=\u00bb4_4&#8243; _builder_version=\u00bb3.25&#8243; custom_padding=\u00bb|||\u00bb custom_padding__hover=\u00bb|||\u00bb][et_pb_gallery gallery_ids=\u00bb2573,2520,2516,2515,2514,2511,2508,2504,2501,3101,3102,3138,3086,3095,3017,2952,2861,3007,2658,2648,2645,2607,2600,2250,2246,2242,2223,2227,2222,2219,2201,1988,1916,1434,1427,1428,1439,5077,13162,13103&#8243; gallery_orderby=\u00bbrand\u00bb gallery_captions=\u00bbCueva de las Lechuzas,Cueva de las Lechuzas,La Bella Durmiente de Tingo Maria,Catarata de San Miguel en Tingo Maria,Rio Derrepente en Tingo Maria,Laguna de los Milagros,Laguna de los MIlagros,Laguna de los MIlagros,Laguna de los Milagros,Laguna de los Milagros,Espejo Magico Rio Derrepente,Catarata Rio Derrepente,Catarata San Miguel Tingo Maria,Espejo Magico Rio Derrepente,Cueva de las Lechuzas,,Catarata del Velo de las Ninfas,Catarata Velo de las Ninfas Tingo Maria,Cataratas del Velo de las Ninfas,Aventura Velo de las Ninfas,Escalada Velo de las Ninfas,Velo de las Ninfas en Tingo Maria,Catarata Velo de las Ninfas,Turismo de Aventura en Tingo Maria,Aventura en el Velo de las Ninfas,,,Velo de la Novia a 2 horas de Tingo Maria, ubicado en el Boqueron del Padre Abad, en Aguaytia &#8211; departamento de Ucayali,Tour de Aventura en Tingo Maria, en las Cataratas de Honolulu,Fiesta de San Juan el 24 de Junio en Tingo Maria,Tingo Maria, alegria danzas,Paisaje natural de Tingo Maria,DCIM100GOPROGOPR3090.,,Comida tipica de Tingo Maria. Tingo Maria Tour,Tingo Maria, ciudad de la Bella durmiente,,12 cascadas en la ruta de la Catarata del Velo de las Ninfas en Tingo Maria,Punto de partida a la aventura por las rutas de las 12 cataratas del Velo de las Ninfas en Tingo Maria,Tingo Maria, tierra de aventura y naturaleza, Foto de la ruta de la Ruta de cas cataratas del Velo de las Ninfas.,,Poza de la Catarata Santa Carmen,Agua Sulfurosas medicinal,La isla del libre pensar en la Laguna de los Milagros en Tingo Maria,Cataratas de Honolulu de Tingo Maria,Tours a las Cataratas de Honolulu de Tingo Maria,Catarata de Honolulu, mas de 6 caidas de aguas y pozas naturales de aguas cristalinas,Boqueron del Padre Abad. En el lugar se encuentra el Velo de la Novia, la Ducha del Diablo y Tunel del Boqueron en Aguaytia &#8211; Ucayali a dos horas de Tingo Maria,Danza en La Fiesta de San Juan de Tingo Maria,Tingo Maria celebra las Fiestas de San Juna este 24 de Junio.,La fiesta de San Juan en Tingo Maria este 24 de Junio. La fiesta mas grande de la Amazonia,Hermoza Velo de la Novia,Paraiso del Velo de la Novia,Mas de 6 cascadas de Honolulu,Una de las cascadas de las ruta de las cataratas del Velo de las Ninfas en Tingo Maria,Mirador del Cerro san cristobal de Tingo maria con vista a la Ciudad de Tingo maria y la bella Durmiente,Ruta para el Turismo de Aventura extrema en Tingo Maria, para escalar con cuerda mas de 5 cascadas y 7 cascadas estilo boulder,Turismo de aventura, escalada en las cataratas del Velo de las Ninfas,Canyoning en las cascadas de Honolulu en Tingo Maria,Cascadas de Honolulu, mas de 6 caidas de aguas con aguas cristalinas,Tingo Maria,Turismo de Aventura en las cataratas del Velo de las Ninfas en Tingo Maria,Paseo en bote por la Laguan de los Milagros, ademas puede realizar pesca deportiva, natacion, camping, canopy mas largo del Peru, la ruta del ayahuasca y otras actividades,Caba\u00f1a en medio de la Laguan de los Milagros, ademas puede realizar pesca deportiva, natacion, camping, canopy mas largo del Peru, la ruta del ayahuasca y otras actividades,Ubicado dentro del Parque Nacional de Tingo Maria,Poza de agua cristalina de las cataratas de Honolulu,En Honolulu encontramos cascadas y cataratas muy hermozas de aguas cristalinas  para la paractica del turismo de Aventura y naturaleza en Tingo Maria,Escalada y rapel en las cataratas de Honolulu, mas de 6 cascadas y cataratas con pozas de aguas cristalinas. Lugara para el Turismo de Aventura y Naturaleza,Cueva de las Lechuzas del Parque Nacional de Tingo Maria,Vista de la Laguna de los Milagros desde el Mirador Beso del Viente en Tingo Maria,Tingo Maria ciudad de la Bella Durmiente desde el Mirador de la Cruz,Laguna de los Lilagros se puede hacer paseos en bote, natacion pesca artesanal, campamentos, caminatas nocturnas, paseos por la ruta del Ayawaska, mirador del besos del viento, canopy mas largo del Peru, rapel y escalada vertical y mucho mas,Canopy mas largo del Peru en Tingo Maria con mas de 1000 metros de largo y 150 metros de altura en medio de la selva de la Laguna de los Milagros,,,,,,DCIM100GOPROGOPR1952.,,,Catarata Monterrey, por la ruta a la Central hidroelectrica de Chaglla,DCIM100GOPROGOPR1022.,DCIM100GOPROGOPR0923.,,,,,,,,,,,,,,,,,,,,,,\u00bb posts_number=\u00bb110&#8243; show_title_and_caption=\u00bboff\u00bb hover_overlay_color=\u00bbrgba(255,255,255,0.88)\u00bb hover_icon=\u00bb%%99%%\u00bb _builder_version=\u00bb4.9.7&#8243; title_font=\u00bb||||\u00bb title_font_size=\u00bb4px\u00bb caption_font_size=\u00bb6px\u00bb background_layout=\u00bbdark\u00bb][\/et_pb_gallery][et_pb_image align_tablet=\u00bbcenter\u00bb align_phone=\u00bb\u00bb align_last_edited=\u00bbon|desktop\u00bb _builder_version=\u00bb3.23&#8243;][\/et_pb_image][\/et_pb_column][\/et_pb_row][et_pb_row column_structure=\u00bb1_4,1_4,1_4,1_4&#8243; use_custom_gutter=\u00bbon\u00bb gutter_width=\u00bb1&#8243; _builder_version=\u00bb3.25&#8243; width=\u00bb95%\u00bb max_width=\u00bb95%\u00bb module_alignment=\u00bbcenter\u00bb custom_margin=\u00bb|auto|12px|auto||\u00bb custom_padding=\u00bb5px|0px|15px|0px|false|false\u00bb use_custom_width=\u00bbon\u00bb width_unit=\u00bboff\u00bb custom_width_percent=\u00bb95%\u00bb][et_pb_column type=\u00bb1_4&#8243; _builder_version=\u00bb3.25&#8243; custom_padding=\u00bb|||\u00bb custom_padding__hover=\u00bb|||\u00bb][et_pb_gallery gallery_ids=\u00bb5904,5903,5865&#8243; show_title_and_caption=\u00bboff\u00bb show_pagination=\u00bboff\u00bb _builder_version=\u00bb4.9.7&#8243;][\/et_pb_gallery][et_pb_gallery gallery_ids=\u00bb5533,5529&#8243; show_title_and_caption=\u00bboff\u00bb _builder_version=\u00bb3.13&#8243;][\/et_pb_gallery][\/et_pb_column][et_pb_column type=\u00bb1_4&#8243; _builder_version=\u00bb3.25&#8243; custom_padding=\u00bb|||\u00bb custom_padding__hover=\u00bb|||\u00bb][et_pb_gallery gallery_ids=\u00bb5740,5739,5738,13104&#8243; show_title_and_caption=\u00bboff\u00bb show_pagination=\u00bboff\u00bb _builder_version=\u00bb4.9.7&#8243;][\/et_pb_gallery][et_pb_gallery gallery_ids=\u00bb5509,5282&#8243; show_title_and_caption=\u00bboff\u00bb _builder_version=\u00bb3.13&#8243;][\/et_pb_gallery][\/et_pb_column][et_pb_column type=\u00bb1_4&#8243; _builder_version=\u00bb3.25&#8243; custom_padding=\u00bb|||\u00bb custom_padding__hover=\u00bb|||\u00bb][et_pb_gallery gallery_ids=\u00bb5722,5708,5707,13064&#8243; show_title_and_caption=\u00bboff\u00bb show_pagination=\u00bboff\u00bb _builder_version=\u00bb4.9.7&#8243;][\/et_pb_gallery][et_pb_gallery gallery_ids=\u00bb5266,5136&#8243; show_title_and_caption=\u00bboff\u00bb _builder_version=\u00bb3.13&#8243;][\/et_pb_gallery][\/et_pb_column][et_pb_column type=\u00bb1_4&#8243; _builder_version=\u00bb3.25&#8243; custom_padding=\u00bb|||\u00bb custom_padding__hover=\u00bb|||\u00bb][et_pb_gallery gallery_ids=\u00bb5661,5607,13125,13118,13119,13086,12723&#8243; show_title_and_caption=\u00bboff\u00bb show_pagination=\u00bboff\u00bb _builder_version=\u00bb4.9.7&#8243;][\/et_pb_gallery][et_pb_image src=\u00bbhttp:\/\/tinccotours.com\/wp-content\/uploads\/2023\/03\/IMG_20220629_113829535.jpg\u00bb alt=\u00bbVulcano de Sinchi Roca en Tingo Mar\u00eda\u00bb title_text=\u00bbVulcano de Sinchi Roca en Tingo Mar\u00eda\u00bb _builder_version=\u00bb4.9.7&#8243; _module_preset=\u00bbdefault\u00bb module_alignment=\u00bbcenter\u00bb min_height=\u00bb194px\u00bb][\/et_pb_image][et_pb_gallery gallery_ids=\u00bb5283,5076&#8243; show_title_and_caption=\u00bboff\u00bb _builder_version=\u00bb3.13&#8243;][\/et_pb_gallery][\/et_pb_column][\/et_pb_row][\/et_pb_section]<\/p>\n","protected":false},"excerpt":{"rendered":"<p>Galeria de Fotos de Tingo Mar\u00eda Visita nuestra galer\u00eda de fotos de Tingo Mar\u00eda y de los mejores lugares y&nbsp;tur\u00edsticos naturales en nuestra pagina web. Ahi podras elegir para realizar tus aventuras en contacto con la naturaleza.<\/p>","protected":false},"author":1,"featured_media":13119,"parent":0,"menu_order":0,"comment_status":"closed","ping_status":"closed","template":"","meta":{"_et_pb_use_builder":"on","_et_pb_old_content":"","_et_gb_content_width":"","_monsterinsights_skip_tracking":false,"_monsterinsights_sitenote_active":false,"_monsterinsights_sitenote_note":"","_monsterinsights_sitenote_category":0,"_joinchat":[],"footnotes":""},"class_list":["post-32","page","type-page","status-publish","has-post-thumbnail","hentry"],"_links":{"self":[{"href":"https:\/\/tinccotours.com\/en\/wp-json\/wp\/v2\/pages\/32","targetHints":{"allow":["GET"]}}],"collection":[{"href":"https:\/\/tinccotours.com\/en\/wp-json\/wp\/v2\/pages"}],"about":[{"href":"https:\/\/tinccotours.com\/en\/wp-json\/wp\/v2\/types\/page"}],"author":[{"embeddable":true,"href":"https:\/\/tinccotours.com\/en\/wp-json\/wp\/v2\/users\/1"}],"replies":[{"embeddable":true,"href":"https:\/\/tinccotours.com\/en\/wp-json\/wp\/v2\/comments?post=32"}],"version-history":[{"count":0,"href":"https:\/\/tinccotours.com\/en\/wp-json\/wp\/v2\/pages\/32\/revisions"}],"wp:featuredmedia":[{"embeddable":true,"href":"https:\/\/tinccotours.com\/en\/wp-json\/wp\/v2\/media\/13119"}],"wp:attachment":[{"href":"https:\/\/tinccotours.com\/en\/wp-json\/wp\/v2\/media?parent=32"}],"curies":[{"name":"wp","href":"https:\/\/api.w.org\/{rel}","templated":true}]}}