{"id":2883,"date":"2018-02-11T04:28:48","date_gmt":"2018-02-11T04:28:48","guid":{"rendered":"http:\/\/tinccotours.com\/?page_id=2883"},"modified":"2023-05-26T22:54:16","modified_gmt":"2023-05-26T22:54:16","slug":"costumbres-danzas-y-gastronomia-de-tingo-maria","status":"publish","type":"page","link":"https:\/\/tinccotours.com\/en\/costumbres-danzas-y-gastronomia-de-tingo-maria\/","title":{"rendered":"Costumbres Danzas y Gastronom\u00eda"},"content":{"rendered":"<p>[et_pb_section fb_built=\u00bb1&#8243; admin_label=\u00bbsection\u00bb _builder_version=\u00bb4.9.7&#8243; background_image=\u00bbhttp:\/\/tinccotours.com\/wp-content\/uploads\/2017\/08\/comidas-de-Tingo-Maria.jpg\u00bb width=\u00bb100%\u00bb width_tablet=\u00bb\u00bb width_phone=\u00bb\u00bb width_last_edited=\u00bbon|desktop\u00bb module_alignment=\u00bbcenter\u00bb min_height=\u00bb100px\u00bb min_height_tablet=\u00bb\u00bb min_height_phone=\u00bb\u00bb min_height_last_edited=\u00bbon|desktop\u00bb height_tablet=\u00bb\u00bb height_phone=\u00bb\u00bb height_last_edited=\u00bbon|desktop\u00bb max_height=\u00bb134px\u00bb max_height_tablet=\u00bb\u00bb max_height_phone=\u00bb100px\u00bb max_height_last_edited=\u00bbon|phone\u00bb custom_padding=\u00bb51px|0px|54px|0px\u00bb][\/et_pb_section][et_pb_section fb_built=\u00bb1&#8243; _builder_version=\u00bb4.9.7&#8243; background_image=\u00bbhttp:\/\/tinccotours.com\/wp-content\/uploads\/2017\/08\/frutos-de-Tingo-Maria.jpg\u00bb width=\u00bb100%\u00bb width_tablet=\u00bb\u00bb width_phone=\u00bb\u00bb width_last_edited=\u00bbon|desktop\u00bb module_alignment=\u00bbcenter\u00bb min_height=\u00bb100px\u00bb min_height_tablet=\u00bb\u00bb min_height_phone=\u00bb\u00bb min_height_last_edited=\u00bbon|desktop\u00bb max_height=\u00bb134px\u00bb max_height_tablet=\u00bb\u00bb max_height_phone=\u00bb100px\u00bb max_height_last_edited=\u00bbon|phone\u00bb custom_padding=\u00bb71px|0px|36px|0px\u00bb][\/et_pb_section][et_pb_section fb_built=\u00bb1&#8243; _builder_version=\u00bb3.22&#8243; custom_padding=\u00bb8px|0px|15px|0px\u00bb][et_pb_row _builder_version=\u00bb3.25&#8243; custom_padding=\u00bb11px|0px|15px|0px\u00bb][et_pb_column type=\u00bb4_4&#8243; _builder_version=\u00bb3.25&#8243; custom_padding=\u00bb|||\u00bb custom_padding__hover=\u00bb|||\u00bb][et_pb_text _builder_version=\u00bb4.9.7&#8243;]<\/p>\n<h1><span><strong>Costumbres Danzas y Gastronom\u00eda T\u00edpica<\/strong><\/span><\/h1>\n<p>Las Costumbres Danzas y Gastronom\u00eda t\u00edpica de Tingo Mar\u00eda es considerado como uno de los mejores de la amazonia peruana, al igual que sus Lugares Tur\u00edsticos.<br \/><span><\/span><\/p>\n<p><span><\/span><\/p>\n<h2><span><strong>Gastronom\u00eda\u00a0<\/strong><\/span><b>T\u00edpica<\/b><\/h2>\n<p><b><\/b><\/p>\n<p><span>En Tingo Mar\u00eda como en casi toda la amazonia peruana, se encuentran una gran variedad de <a href=\"https:\/\/www.munitingomaria.gob.pe\/mplp\/content\/gastronomia\">platos t\u00edpicos<\/a> y bebidas, que gozan de un gran prestigio nacional, por la preparaci\u00f3n adecuada, los sabores agradables, los ingredientes que se utilizan y por lo ex\u00f3tico de estos.<\/span><strong><\/strong><\/p>\n<p><span>Entre los potajes tradicionales de nuestra gastronom\u00eda t\u00edpica tenemos:<\/span><\/p>\n<h3><span><br \/><span style=\"font-size: small;\"><strong>Juane de gallina<\/strong><\/span><\/span><\/h3>\n<p><span>Constituye un plato tradicional en las fiestas de San Juan. Tiene la forma de un gran tamal, preparado a base de arroz, gallina, aceitunas y huevos; el cual se envuelve en una hoja llamada bijao.<\/span><\/p>\n<h4><span><br \/><span style=\"font-size: small;\"><strong>Tacacho con cecina<\/strong><\/span><\/span><\/h4>\n<p><span>El tacacho, es el pl\u00e1tano frito y machacado con un poco de sal que se mezcla con manteca de chancho, por lo general se sirve acompa\u00f1ado de cecina, que es la carne de cerdo seca y ahumada.<\/span><\/p>\n<h3><span><br \/><span style=\"font-size: small;\"><strong>La Patarashca<\/strong><\/span><\/span><\/h3>\n<p><span>Es una comida t\u00edpica de la selva. Esta comida incluye cualquier tipo de pescado de la zona, envuelto en hoja de pl\u00e1tano o de la planta llamada bijao, y se prepara asado, al horno o sancochado, por supuesto con condimentos.<\/span><\/p>\n<p><span><br \/><strong>Pescado a la Parrilla<\/strong>: Bocachico, Paco o Paiche<br \/><strong>Pollo Canga:<\/strong>\u00a0Es pollo a la parrilla aderezada con naranja o Lim\u00f3n<br \/><strong>Inchicapi de Gallina<\/strong>: Es una sopa preparada a base de man\u00ed molido o licuado, gallina de chacra, yuca, ma\u00edz paisano, hoja de sacha culantro.<br \/><strong>Caldo de Gallina:\u00a0<\/strong>Es una sopa de Gallina a base de Fideos o Arroz, con Sacha Culantro.<strong><br \/>El Chorizo:<\/strong>\u00a0Es un embutido preparado con los intestinos delgados del cerdo y relleno con carne molida y arroz, bien condimentados. \u00a0 \u00a0<strong>\u00a0 \u00a0 \u00a0 \u00a0 \u00a0 \u00a0 \u00a0 \u00a0 \u00a0 \u00a0 \u00a0 \u00a0 \u00a0 \u00a0 \u00a0 \u00a0 \u00a0 \u00a0 \u00a0 \u00a0 \u00a0 \u00a0 \u00a0\u00a0<\/strong>\u00a0 \u00a0\u00a0<strong>\u00a0 \u00a0\u00a0<\/strong><\/span><\/p>\n<p><strong>Pescado a la parrilla:\u00a0<\/strong><span>Thilapia, Paco, Bocachico,Paiche y Dorado.<\/span><strong>\u00a0 \u00a0 \u00a0 \u00a0 \u00a0 \u00a0 \u00a0 \u00a0 \u00a0 \u00a0 \u00a0 \u00a0 \u00a0 \u00a0 \u00a0 \u00a0 \u00a0 \u00a0 \u00a0 \u00a0 \u00a0 \u00a0 \u00a0 \u00a0 \u00a0 \u00a0 \u00a0 \u00a0 \u00a0<\/strong><\/p>\n<p><span><strong>Yuca Rellena con mechado de Chancho:<\/strong>\u00a0Yuca, huevos, manteca, aceitunas, aj\u00ed pimienta, sal.<strong>\u00a0 \u00a0 \u00a0<\/strong><\/span><\/p>\n<p><span><strong>Humitas de Ma\u00edz Chuncho, Nina Juane, Juane de Yuca y otros<\/strong>. \u00a0 <\/span><\/p>\n<p><span>\u00a0<\/span><span>\u00a0 \u00a0 \u00a0 \u00a0 \u00a0 \u00a0 \u00a0 \u00a0 \u00a0 \u00a0 \u00a0\u00a0<\/span><\/p>\n<h3><span><span style=\"font-size: small;\"><strong>Bebidas t\u00edpicas<\/strong><\/span><\/span><\/h3>\n<p><span><br \/>La Aguajina<br \/>El Chapo a base de platanos maduro<br \/>El Masato de yuca cocinada, machacado y fermentado.<br \/>Carambola<br \/>Cocona<br \/>Taperiba<br \/>Camucamu<\/span><\/p>\n<p><span><\/span><\/p>\n<h3><span style=\"font-size: small;\"><strong>Bebidas medicinales<\/strong><\/span><\/h3>\n<p><span>Chuchuhuasi<br \/>U\u00f1a de Gato<br \/>Camu camu<br \/>Siete Ra\u00edces<br \/>Ayahuasca<br \/>Sangre de grado<\/span><\/p>\n<p>[\/et_pb_text][\/et_pb_column][\/et_pb_row][\/et_pb_section][et_pb_section fb_built=\u00bb1&#8243; _builder_version=\u00bb4.9.7&#8243; background_image=\u00bbhttp:\/\/tinccotours.com\/wp-content\/uploads\/2017\/08\/Danzas-y-costumbres-de-Tingo-Maria.jpg\u00bb module_alignment=\u00bbcenter\u00bb max_height=\u00bb134px\u00bb max_height_tablet=\u00bb\u00bb max_height_phone=\u00bb100px\u00bb max_height_last_edited=\u00bbon|phone\u00bb custom_padding=\u00bb54px|0px|60px|0px\u00bb][\/et_pb_section][et_pb_section fb_built=\u00bb1&#8243; _builder_version=\u00bb3.22&#8243; custom_padding=\u00bb0px|0px|10px|0px\u00bb][et_pb_row _builder_version=\u00bb3.25&#8243; custom_padding=\u00bb17px|0px|7px|0px\u00bb][et_pb_column type=\u00bb4_4&#8243; _builder_version=\u00bb3.25&#8243; custom_padding=\u00bb|||\u00bb custom_padding__hover=\u00bb|||\u00bb][et_pb_text _builder_version=\u00bb4.9.7&#8243;]<\/p>\n<h2><span><strong>Costumbres y <\/strong><\/span><strong>Danzas <\/strong><span style=\"font-size: 26px;\"><strong>de Tingo&nbsp;<\/strong><\/span><b>Mar\u00eda<\/b><\/h2>\n<h3><span><strong><\/strong><\/span><\/h3>\n<h3><span><strong>Festividades<\/strong><\/span><\/h3>\n<p><span><br \/>\n14 de mayo: Aniversario de Parque nacional Tingo Mar\u00eda<br \/>\n24 de junio: Fiesta de San Juan.en la v\u00edspera bailan alrededor de fogatas Los Tulumayos con conjuntos t\u00edpicos. Al amanecer hay un baile de pandillada en donde la gente baila alrededor de un \u00e1rbol cargadas de regalos y que se le conoce con el nombre de \u201cYunsa\u201d. Durante el d\u00eda la gente acude a las playas de los r\u00edos para celebrar, organizan bailes y ferias artesanales. Todos degustan del \u201cJuane\u201d ese d\u00eda. Es una fecha donde se celebra parte de nuestras costumbres, danzas y gastronom\u00eda.<br \/>\n28 y 29 de julio: Fiestas Patrias del Per\u00fa.<br \/>\n15 de octubre: Aniversario de Tingo Mar\u00eda.<br \/>\n<strong><\/strong><\/span><\/p>\n<h4><span><strong>La Fiesta de San Juan<\/strong><\/span><\/h4>\n<p><span>La <a href=\"http:\/\/tinccotours.com\/fiestas-de-san-juan-en-tingo-maria\/\">Fiesta de San Juan<\/a> es una de las mas importantes y trascendentales festividades que se celebran en toda la Amazonia del Peru. En la v\u00edspera bailan alrededor de fogatas Los Tulumayos con conjuntos t\u00edpicos. Al amanecer la gente sale a las calles al rimo de la musica y baile de pandillada, demostrando el calor y alegr\u00eda. Durante el d\u00eda la gente acude a las playas de los r\u00edos para celebrar, organizan bailes y ferias artesanales. Todos degustan del \u201cJuane\u201d ese d\u00eda. <\/span><\/p>\n<p><span>Seg\u00fan las escrituras b\u00edblicas y calendario festivo de la religi\u00f3n cat\u00f3lica, un 24 de Junio San Juan Bautizo a Jesucristo en el rio Jord\u00e1n. Esta fecha, de acuerdo a las creencias religiosas las aguas de &nbsp;todos los r\u00edos est\u00e1n benditas, es por eso que todas las familias de todos los pueblos de la selva se dirigen a lo largo de las playas de los r\u00edos, quebradas y lagunas, para ba\u00f1arse en sus aguas, a la vez, para pasar momentos especiales en uni\u00f3n con la familia y amigos. All\u00ed se arman sus chositas con material de la zona para protegerse del sol y as\u00ed &nbsp;mismo, a la hora del almuerzo sirven los ricos y sabrosos juanes de gallina, acompa\u00f1ado de sus ensaladas t\u00edpicas y refrescantes bebidas de frutas de la zona y licor, acompa\u00f1\u00e1ndose con bailes regionales de la selva y otras m\u00fasicas hasta altas horas de la noche.<\/span><\/p>\n<p><span><\/span><\/p>\n<h4><span><b>Danzas T\u00edpicas de Tingo&nbsp;<\/b><\/span><b>Mar\u00eda<\/b><\/h4>\n<p><span>Las danzas de Tingo Mar\u00eda&nbsp;es muy diverso y segun las etapas de su historia:<br \/>\nEn las danzas durante la \u00e9poca Pre Inca se usaban cueros de animales, plumas, bombonaje y hojas de plantas, flecha, la lanza, huesos, dientes de animales y semillas de plantas en sus collares, su cuerpo se pintaban con tintes de plantas y barros, demostrando as\u00ed su temperamento de guerrero y cazador. Posteriormente en la \u00e9poca&nbsp;de la Colonia se comenzaron a usar vestimentas de tela a base de lana, pero se manten\u00eda&nbsp;la costumbre con algunos atuendos de sus ancestros. Con la llegada de los colonos se empezaron a usar telas mas trabajadas y con mejores acabados, las costumbres y danzas se mezclaron.&nbsp;<\/span><\/p>\n<p><span>Entre algunas de estas danzas tenemos:<\/span><span><br \/>\nLa Danza de los Panatahuas<br \/>\nEl Baile&nbsp;de los Tulumayos<br \/>\nDanza de los Tinganeses.<br \/>\nLos Danzantes Cholones.<br \/>\nPesca de los <a href=\"https:\/\/www.stex.edu.pe\/danza-fiesta-de-los-tulumayos\/\">Tulumayos<\/a>.<br \/>\nDanza de los Chunatahuas.<br \/>\nLos Carapachos.<br \/>\nDanza del Paucar.<br \/>\nDanza del shitaracu &nbsp; &nbsp; &nbsp; &nbsp; &nbsp; &nbsp; &nbsp; &nbsp; &nbsp; &nbsp; &nbsp; &nbsp; &nbsp; &nbsp; &nbsp; &nbsp; &nbsp; &nbsp; &nbsp; &nbsp; &nbsp; &nbsp; &nbsp; &nbsp; &nbsp; &nbsp; &nbsp; &nbsp; &nbsp; &nbsp; &nbsp; &nbsp; &nbsp; &nbsp; &nbsp; &nbsp; &nbsp; &nbsp; &nbsp; &nbsp; &nbsp; &nbsp; &nbsp; &nbsp; &nbsp; &nbsp; &nbsp; &nbsp; &nbsp; &nbsp; &nbsp; &nbsp; &nbsp; &nbsp; &nbsp; &nbsp; &nbsp; &nbsp; &nbsp; &nbsp; &nbsp; &nbsp; &nbsp; &nbsp; &nbsp; &nbsp; &nbsp; &nbsp; &nbsp;<\/span><\/p>\n<p><span>La Danza del Suri.<br \/>\nLa Danza de la Tangarana<br \/>\nDanza del Bombonaje.<br \/>\nLa Danza de los Monos.<br \/>\nDanza de la Cosecha del Caf\u00e9.<\/span>[\/et_pb_text][\/et_pb_column][\/et_pb_row][\/et_pb_section]<\/p>\n","protected":false},"excerpt":{"rendered":"<p>Costumbres Danzas y Gastronom\u00eda T\u00edpica Las Costumbres Danzas y Gastronom\u00eda t\u00edpica de Tingo Mar\u00eda es considerado como uno de los mejores de la amazonia peruana, al igual que sus Lugares Tur\u00edsticos. Gastronom\u00eda\u00a0T\u00edpica En Tingo Mar\u00eda como en casi toda la amazonia peruana, se encuentran una gran variedad de platos t\u00edpicos y bebidas, que gozan de [&hellip;]<\/p>\n","protected":false},"author":1,"featured_media":3086,"parent":0,"menu_order":0,"comment_status":"closed","ping_status":"closed","template":"","meta":{"_et_pb_use_builder":"on","_et_pb_old_content":"","_et_gb_content_width":"","_monsterinsights_skip_tracking":false,"_monsterinsights_sitenote_active":false,"_monsterinsights_sitenote_note":"","_monsterinsights_sitenote_category":0,"_joinchat":[],"footnotes":""},"class_list":["post-2883","page","type-page","status-publish","has-post-thumbnail","hentry"],"_links":{"self":[{"href":"https:\/\/tinccotours.com\/en\/wp-json\/wp\/v2\/pages\/2883","targetHints":{"allow":["GET"]}}],"collection":[{"href":"https:\/\/tinccotours.com\/en\/wp-json\/wp\/v2\/pages"}],"about":[{"href":"https:\/\/tinccotours.com\/en\/wp-json\/wp\/v2\/types\/page"}],"author":[{"embeddable":true,"href":"https:\/\/tinccotours.com\/en\/wp-json\/wp\/v2\/users\/1"}],"replies":[{"embeddable":true,"href":"https:\/\/tinccotours.com\/en\/wp-json\/wp\/v2\/comments?post=2883"}],"version-history":[{"count":0,"href":"https:\/\/tinccotours.com\/en\/wp-json\/wp\/v2\/pages\/2883\/revisions"}],"wp:featuredmedia":[{"embeddable":true,"href":"https:\/\/tinccotours.com\/en\/wp-json\/wp\/v2\/media\/3086"}],"wp:attachment":[{"href":"https:\/\/tinccotours.com\/en\/wp-json\/wp\/v2\/media?parent=2883"}],"curies":[{"name":"wp","href":"https:\/\/api.w.org\/{rel}","templated":true}]}}