{"id":2881,"date":"2018-02-11T04:27:06","date_gmt":"2018-02-11T04:27:06","guid":{"rendered":"http:\/\/tinccotours.com\/?page_id=2881"},"modified":"2023-05-28T00:40:59","modified_gmt":"2023-05-28T00:40:59","slug":"historias-y-leyendas-de-tingo-maria","status":"publish","type":"page","link":"https:\/\/tinccotours.com\/en\/historias-y-leyendas-de-tingo-maria\/","title":{"rendered":"Historias y Leyendas"},"content":{"rendered":"<p>[et_pb_section fb_built=\u00bb1&#8243; admin_label=\u00bbsection\u00bb _builder_version=\u00bb3.22&#8243; background_image=\u00bbhttp:\/\/tinccotours.com\/wp-content\/uploads\/2017\/08\/Danzas-y-costumbres-de-Tingo-Maria.jpg\u00bb custom_padding=\u00bb57px|0px|54px|0px\u00bb][\/et_pb_section][et_pb_section fb_built=\u00bb1&#8243; _builder_version=\u00bb3.22&#8243; custom_padding=\u00bb10px|0px|54px|0px\u00bb][et_pb_row _builder_version=\u00bb4.9.7&#8243; _module_preset=\u00bbdefault\u00bb use_custom_gutter=\u00bbon\u00bb width_last_edited=\u00bbon|phone\u00bb hover_enabled=\u00bb0&#8243; sticky_enabled=\u00bb0&#8243; width_phone=\u00bb92%\u00bb][et_pb_column _builder_version=\u00bb4.9.7&#8243; _module_preset=\u00bbdefault\u00bb type=\u00bb4_4&#8243;][et_pb_text _builder_version=\u00bb4.9.7&#8243; _module_preset=\u00bbdefault\u00bb content_last_edited=\u00bbon|phone\u00bb hover_enabled=\u00bb0&#8243; sticky_enabled=\u00bb0&#8243; width_last_edited=\u00bbon|phone\u00bb module_alignment=\u00bbcenter\u00bb width_phone=\u00bb100%\u00bb]<\/p>\n<h1><strong>HISTORIAS Y LEYENDAS DE TINGO MARIA<\/strong><\/h1>\n<p>Conoce las Historias y leyendas de Tingo Mar\u00eda, que est\u00e1n llenos de magia y misterio que se mezclan lo m\u00edstico con lo real y sus maravillosos <a href=\"http:\/\/tinccotours.com\/atractivos-turisticos-de-tingo-maria-y-la-selva-del-peru\/\">lugares turisticos<\/a> paradisiacos en esta parte de la selva del Per\u00fa.<\/p>\n<p>[\/et_pb_text][\/et_pb_column][\/et_pb_row][et_pb_row _builder_version=\u00bb3.25&#8243; custom_padding=\u00bb12px|||||\u00bb][et_pb_column type=\u00bb4_4&#8243; _builder_version=\u00bb3.25&#8243; custom_padding=\u00bb|||\u00bb custom_padding__hover=\u00bb|||\u00bb][et_pb_text _builder_version=\u00bb4.9.7&#8243; hover_enabled=\u00bb0&#8243; sticky_enabled=\u00bb0&#8243;]<\/p>\n<h2><span><strong>Historia de Tingo Mar\u00eda<\/strong><\/span><\/h2>\n<p style=\"text-align: justify;\"><span><strong>Tingo Mar\u00eda,<\/strong> es una ciudad que se encuentra ubicado a 660 m.s.n.m. en el Margen derecho del rio Huallaga. Es capital de la Provincia de Leoncio Prado y del distrito de Rupa Rupa, en el departamento de Hu\u00e1nuco. Es as\u00ed, como esta ciudad es considerada selva Alta o Rupa Rupa, puerta de entrada a la Amazon\u00eda y ciudad de la Bella Durmiente.<\/span><\/p>\n<p style=\"text-align: justify;\"><span><strong>Toponimia o origen de su nombre: <\/strong>El nombre de &nbsp;<strong>Tingo<\/strong> proviene del vocablo quechua <strong>TINCCO<\/strong>, que traducida al castellano significa uni\u00f3n o encuentro; mientras que la palabra Mar\u00eda, segun antiguos pobladores del lugar en la uni\u00f3n o encuentro entre los r\u00edos Huallaga y Monz\u00f3n viv\u00eda una mujer llamada Mar\u00eda, quien brindaba alojamiento y hospedaje a los viajeros que transitaban por el valle del Alto Huallaga. En cierta \u00e9poca encontraron a esta mujer ahogada justo entre la uni\u00f3n de los r\u00edos. Es por eso el origen del nombre de <a href=\"https:\/\/es.wikipedia.org\/wiki\/Tingo_Mar%C3%ADa\"><strong>Tingo Mar\u00eda<\/strong><\/a>.&nbsp;<\/span><\/p>\n<h3><span>Epoca Pre-Inca<\/span><\/h3>\n<p><span>Estas zonas, en la \u00e9poca Pre-Inca fueron habitadas en las margenes de los r\u00edos Huallaga y sus Afluente rio Monz\u00f3n, Tulumayo, Magdalena, Azpuzana, Pucayacu, Santa Marta y otros por tribus como los Chunataguas, Panatahuas, Tulumayos, Carapachos, Cholones, Huantahuanas, Tinganeses, Chuscos, Tepquis, Mazupas, Cognomonas, Callisecas o Cutisanos.<\/span><\/p>\n<h3><span>Epoca Inca<\/span><\/h3>\n<p><span>Durante la \u00e9poca de los Incas, la regi\u00f3n pertenec\u00eda al Imperio de Rupa Rupa, en aquellos tiempos la regi\u00f3n era virgen, los inmensos arboles se alzaban en medio de la exuberante vegetaci\u00f3n y de sus r\u00edos. Ese para\u00edso de verdor y con el transcurso del tiempo, la tribus que poblaban estos hermosos lugares fueron retir\u00e1ndose a otros mas propicios, del avance del ejercito del Imperio del Tahuantinsuyo.&nbsp;&nbsp;<\/span><\/p>\n<h3 style=\"text-align: justify;\"><span>En la epoca de la Colonia<\/span><\/h3>\n<p style=\"text-align: justify;\"><span>Cuando los espa\u00f1oles se asentaban con mas firmeza en la costa y seierra del Peru, recien en el a\u00f1o 1539 se comenzo la exploracion de la la regi\u00f3n de la monta\u00f1a. En el a\u00f1o 1557, la zona de Rupa Rupa se integro a la gobernaci\u00f3n del capitan G\u00f3mez Arias Davila hicieron frente a la expedici\u00f3n matando caballos y espa\u00f1oles, quien inicio la conquista de Rupa Rupa, acompa\u00f1ado de fray Jurado y otros, estableciendo su cuartel el el sitio llamado Pillao. <\/span><\/p>\n<p style=\"text-align: justify;\"><span>Desde este lugar, penetraron a la regi\u00f3n de los Panatahuas quienes con su temperamento aguerrido y apoyados por los Tulumayos Vista la superioridad de &nbsp;de los expedicionarios los nativos &nbsp;quemaron sus casas y se internaron a la espesura de la selva, llevando consigo a sus hijos, alimentos, armas, etc. Seg\u00fan documentos importantes, Gomez Arias Davila mur\u00edo el 30 de Julio de 1562 cuyos restos descanzan en una de la iglesias de Huanuco.<\/span><\/p>\n<h3 style=\"text-align: justify;\">Conquista de los Franciscanos<span><\/span><\/h3>\n<p style=\"text-align: justify;\"><span>Posteriormente, los &nbsp;padres franciscanos y jesuitas fueron quienes decidieron explorar la selva y evangelizaron. Se considera al hermano Jer\u00f3nimo Jim\u00e9nez, de haber fundado en 1632 el primer pueblo de Tingo Mar\u00eda y de la parroquia de san Felipe de los Chunchos Tingaleses y, contribuyo a en grande a la civilizaci\u00f3n de las tribus. Sin embargo un brote de viruela aparecio en Santa Cruz de Tonua aterrorizo &nbsp;a pobladores que vieron morir a sus parientes. <\/span><\/p>\n<p style=\"text-align: justify;\"><span>Ante esta situaci\u00f3n, estos optaron por escapar de este mal, llegando a las tribus de los Tulumayos, Panatahuas y otras cercanas sin darse cuenta que llevaban el virus de la temida enfermedad. Este hecho, causo muchas muertes en las tribus, agrand\u00e1ndose a ella las matanzas que ocasionaban los Cashibos probenientes de la zona de Aguayt\u00eda, quienes en sus incursiones dieron muerte al padre Felipe Luyando. La&nbsp; \u00fanica parroquia de la regi\u00f3n que se salvo de la peste de la viruela y de las acechanzas y de las tribus salvajes fue San Antonio de Cocheros.&nbsp;&nbsp;<\/span><\/p>\n<h3 style=\"text-align: justify;\"><span>Fundacion de Tingo Mar\u00eda<\/span><\/h3>\n<p style=\"text-align: justify;\"><span>A partir de 1936 se abren las puertas del progreso para Tingo Mar\u00eda, con la construcci\u00f3n de la carretera que la unen a la capital de la Rep\u00fablica, as\u00ed como la expedici\u00f3n de las leyes de Resoluci\u00f3n y los Decretos Supremos del 23 de marzo y del 23 de febrero de 1938, respectivamente, dando as\u00ed inicio a la obra colonizadora y garantizando las facilidades para su respectiva inmigraci\u00f3n y asentamiento a la regi\u00f3n tingalesa.<\/span><\/p>\n<p style=\"text-align: justify;\"><span>Es as\u00ed que, un 15 de octubre de 1938, cuando los pobladores de lo que ahora es Tingo Mar\u00eda, se hab\u00edan reunido a pedido del Ing. Enrique Pimentel, quien le mostr\u00f3 un acuerdo de ley y con frases emocionadas hizo conocer a los presentes que los terrenos que comprend\u00edan Tingo Mar\u00eda hab\u00edan sido expropiados a favor de los colonos que habitaban en aquel entonces. Finalmente, quedaba as\u00ed sellada la historia de la fundaci\u00f3n de la ciudad teniendo como patrona a Santa Teresita del Ni\u00f1o Jes\u00fas por el fervor cat\u00f3lico que mostraban los pobladores.&nbsp;<\/span><\/p>\n<h2><span><strong>Clima<\/strong><\/span><\/h2>\n<p style=\"text-align: justify;\"><span>El clima de la ciudad es tropical, c\u00e1lido con una temperatura promedio anual de 18\u00b0C a 35\u00b0C y humedad relativa de 77.5%, con una precipitaci\u00f3n anual de 3.000 mm. Puede observarse microclimas o lluvias a distancias muy cortas entre 200 a 500 metros, no obstante, debido al clima tropical el calor es constante todo el a\u00f1o.&nbsp;&nbsp;<\/span><\/p>\n<p><span><strong>Coordenadas:<\/strong> &nbsp;9\u00b018\u203205\u2033S 76\u00b002\u203210\u2033OCoordenadas: 9\u00b018\u203205\u2033S 76\u00b002\u203210\u2033O (mapa)<br \/>\n<strong>Idioma oficial:<\/strong> Espa\u00f1ol<br \/>\n<strong>Eventos hist\u00f3ricos:&nbsp;<\/strong>Fundaci\u00f3n 15 de octubre de 1938<br \/>\n<strong>Altitud &nbsp;Media<\/strong>: 647 msnm<br \/>\n<strong>Distancias: &nbsp;<\/strong>&nbsp; &nbsp; &nbsp; &nbsp; &nbsp; &nbsp; &nbsp; &nbsp; &nbsp; &nbsp; &nbsp; &nbsp; &nbsp; &nbsp; &nbsp; &nbsp; &nbsp; &nbsp; &nbsp; &nbsp; &nbsp; &nbsp; &nbsp; &nbsp; &nbsp; &nbsp; &nbsp; &nbsp; &nbsp; &nbsp; &nbsp; &nbsp; &nbsp; &nbsp; &nbsp; &nbsp; &nbsp; &nbsp; &nbsp;&nbsp;<\/span><\/p>\n<p><span>120 km a Hu\u00e1nuco\u200b<br \/>\n530 km a Lima<br \/>\nPoblaci\u00f3n Total: &nbsp; 50,414 hab.<\/span><\/p>\n<p><span style=\"font-size: 14px;\">&nbsp;<\/span><span><\/span><\/p>\n<h2><strong>Cuentos y Leyendas<\/strong><\/h2>\n<p>Tingo Mar\u00eda, ademas, de contar con una de sus fascinantes historias y leyendas; tambi\u00e9n, hay cuentos que pocos conocen&#8230;<strong><\/strong><\/p>\n<p><a href=\"#\"><span><b>LEYENDA DE LA BELLA DUMIENTE<\/b><\/span><\/a><\/p>\n<p><span><b>LA LEYENDA DE LA DIOSA DEL AGUA<\/b><\/span><\/p>\n<p><span><b>LEYENDA DEL YACUMAMA<\/b><\/span><\/p>\n<p><span><b>LA LEYENDA DEL\u2026&nbsp;<\/b><\/span><\/p>\n<p><span><b>LEYENDA DEL CHULLACHAQUI<\/b><\/span><\/p>\n<p>[\/et_pb_text][\/et_pb_column][\/et_pb_row][\/et_pb_section]<\/p>\n","protected":false},"excerpt":{"rendered":"<p>HISTORIAS Y LEYENDAS DE TINGO MARIA Conoce las Historias y leyendas de Tingo Mar\u00eda, que est\u00e1n llenos de magia y misterio que se mezclan lo m\u00edstico con lo real y sus maravillosos lugares turisticos paradisiacos en esta parte de la selva del Per\u00fa. Historia de Tingo Mar\u00eda Tingo Mar\u00eda, es una ciudad que se encuentra [&hellip;]<\/p>\n","protected":false},"author":1,"featured_media":729,"parent":0,"menu_order":0,"comment_status":"closed","ping_status":"closed","template":"","meta":{"_et_pb_use_builder":"on","_et_pb_old_content":"","_et_gb_content_width":"","_monsterinsights_skip_tracking":false,"_monsterinsights_sitenote_active":false,"_monsterinsights_sitenote_note":"","_monsterinsights_sitenote_category":0,"_joinchat":[],"footnotes":""},"class_list":["post-2881","page","type-page","status-publish","has-post-thumbnail","hentry"],"_links":{"self":[{"href":"https:\/\/tinccotours.com\/en\/wp-json\/wp\/v2\/pages\/2881","targetHints":{"allow":["GET"]}}],"collection":[{"href":"https:\/\/tinccotours.com\/en\/wp-json\/wp\/v2\/pages"}],"about":[{"href":"https:\/\/tinccotours.com\/en\/wp-json\/wp\/v2\/types\/page"}],"author":[{"embeddable":true,"href":"https:\/\/tinccotours.com\/en\/wp-json\/wp\/v2\/users\/1"}],"replies":[{"embeddable":true,"href":"https:\/\/tinccotours.com\/en\/wp-json\/wp\/v2\/comments?post=2881"}],"version-history":[{"count":0,"href":"https:\/\/tinccotours.com\/en\/wp-json\/wp\/v2\/pages\/2881\/revisions"}],"wp:featuredmedia":[{"embeddable":true,"href":"https:\/\/tinccotours.com\/en\/wp-json\/wp\/v2\/media\/729"}],"wp:attachment":[{"href":"https:\/\/tinccotours.com\/en\/wp-json\/wp\/v2\/media?parent=2881"}],"curies":[{"name":"wp","href":"https:\/\/api.w.org\/{rel}","templated":true}]}}